{"id":1461,"date":"2015-01-06T08:12:31","date_gmt":"2015-01-06T08:12:31","guid":{"rendered":"https:\/\/theme.getpojo.com\/berlin\/?page_id=1461"},"modified":"2021-03-25T23:12:05","modified_gmt":"2021-03-25T20:12:05","slug":"homepage","status":"publish","type":"page","link":"https:\/\/sweetyshawarma.com\/tr\/","title":{"rendered":"HOME"},"content":{"rendered":"<h1>SWEETY D\u00d6NER<\/h1>\n<p dir=\"rtl\"><strong><\/strong><\/p>\n<p style=\"text-align: left;\">Grubun \u00f6n g\u00f6r\u00fc\u015f\u00fc: Krep ve \u00e7ikolata yemeyi bir macera haline getirerek ayr\u0131cal\u0131kl\u0131, \u00f6zel ve yeni \u00fcr\u00fcnler sunmak. Daha \u00f6nce g\u00f6r\u00fclmeyen ve yeni olan \u00fcr\u00fcnleri sunar\u0131z, \u00fcr\u00fcnlerimiz y\u00fcksek kaliteli olmas\u0131n\u0131n yan\u0131 s\u0131ra farkl\u0131d\u0131r. Ayr\u0131ca d\u00fcnya \u00e7ap\u0131nda dikkat \u00e7ekici, t\u00fcm ortamlara ve k\u00fclt\u00fcrlere ayak uydurabilen bir ekiple birlikte \u00a0harika bir \u00e7al\u0131\u015fma ortam\u0131 sunmaktay\u0131z.<\/p>\n<p style=\"text-align: left;\">Grubun mesaji: Amac\u0131m\u0131z D\u00fcnya g\u0131da kriterlerine uyarak ve \u00e7evre korumas\u0131na \u00f6zen veren geli\u015fmi\u015f\u00a0 sanayi teknikleri kullanarak , tak\u0131m ruhu ve elimizde bulunan kaynaklar\u0131 en iyi \u015fekilde kullanarak m\u00fckemmel inovasyon ile \u00e7al\u0131\u015fanlar\u0131n\u00a0 ve m\u00fc\u015fterilerin memnuniyetini sa\u011flayacak bir \u015fekilde y\u00fcksek kaliteli sa\u011fl\u0131kl\u0131 g\u0131da \u00fcr\u00fcnlerini sunmak<\/p>\n<p style=\"text-align: left;\"><\/p>\n<p><\/p>\n<p><strong>Grubun Ana \u0130lkeleri:<\/strong><br \/>Zanaat: sat\u0131\u015f pazarl\u0131k ve da\u011f\u0131t\u0131m performas\u0131na, yetkili temsilcilerin ve m\u00fc\u015fteri servislerine uzman bir \u015fekilde odaklanmakla birlikte, \u00e7al\u0131\u015fanlar\u0131n i\u015finde profesyonel olmas\u0131na dikkat ederiz.<br \/><strong>Kalite:<\/strong> \u00fcr\u00fcn\u00fcn kalitesine, \u015firketteki \u00e7al\u0131\u015fanlar ve temsilciler taraf\u0131ndan \u00fcr\u00fcne uluslararas\u0131 standartlara g\u00f6re yap\u0131lan ve \u00e7ok kalite bir \u00fcr\u00fcn olarak bak\u0131l\u0131r<br \/><strong>\u0130tibar:<\/strong> grubun t\u00fcm k\u0131s\u0131mlar\u0131n\u0131n itibar\u0131na odaklanmak, m\u00fc\u015fterilerin kalite,\u00fcr\u00fcn\u00fcn yaymas\u0131nda ihracet edilmesinde ve sat\u0131\u015fta kriterlere uyuma alg\u0131s\u0131 olsun..<\/p>\n<p><\/p>\n<h2>MEN\u00dc<\/h2>\n<p><\/p>\n<ul>\n<li>Spaghetti d\u00f6ner<\/li>\n<li>Iskandar Kabab<\/li>\n<li>Burger Sweety<\/li>\n<li>Gofret \u00c7ubu\u011fu<\/li>\n<li>Sweety Kurutulmu\u015f meyve<\/li>\n<\/ul>\n<p><\/p>\n<p><\/p>\n<ul>\n<li>d\u00f6ner Sweety<\/li>\n<li>Ananas Sweety<\/li>\n<li>kivi Sweety<\/li>\n<li>Muz Sweety<\/li>\n<li>Muffin Dondurmas\u0131<\/li>\n<li>\u00c7ilekler Sweety<\/li>\n<li>Meyveler Sweety<\/li>\n<li>Oreo Sweety<\/li>\n<li>F\u0131nd\u0131k Ice Cream<\/li>\n<\/ul>\n<p><\/p>\n<p><\/p>\n<ul>\n<li>Marshmallow Sweety M&amp;MS Sweety<\/li>\n<li>meyveli Sweety<\/li>\n<li>F\u0131nd\u0131k Sweety<\/li>\n<li>Klasik Sweety<\/li>\n<\/ul>\n<p><\/p>\n<p>\t\t\t\t\t\t\t\t\t\t<img decoding=\"async\" width=\"3079\" height=\"1518\" src=\"https:\/\/sweetyshawarma.com\/wp-content\/uploads\/2019\/04\/logo2.png\" alt=\"\" loading=\"lazy\" srcset=\"https:\/\/sweetyshawarma.com\/wp-content\/uploads\/2019\/04\/logo2.png 3079w, https:\/\/sweetyshawarma.com\/wp-content\/uploads\/2019\/04\/logo2-300x148.png 300w, https:\/\/sweetyshawarma.com\/wp-content\/uploads\/2019\/04\/logo2-768x379.png 768w, https:\/\/sweetyshawarma.com\/wp-content\/uploads\/2019\/04\/logo2-1024x505.png 1024w\" sizes=\"auto, (max-width: 3079px) 100vw, 3079px\" \/>\t\t\t\t\t\t\t\t\t\t\t<\/p>\n<p>Grubun hakk\u0131nda: SUN GRUBU g\u0131da alan\u0131nda uzmanla\u015fm\u0131\u015f ,al\u0131\u015f\u0131lm\u0131\u015f\u0131n d\u0131\u015f\u0131nda ve yeni y\u00f6ntemlerle \u00fcretilen \u00fcr\u00fcnleri sunmaya \u00e7al\u0131\u015fan bir grup.<br \/>Biz grupta y\u00fcksek kaliteli, lezzetli ve yeni g\u0131dalar\u0131 sunmakla ilgileniriz .<br \/><\/p>\n<p><div class=\"embed\"><iframe loading=\"lazy\" title=\"YouTube video player\" src=\"https:\/\/www.youtube.com\/embed\/2wcSDjGEoFU\" width=\"560\" height=\"315\" frameborder=\"0\" allowfullscreen=\"allowfullscreen\"><\/iframe><\/div><\/p>","protected":false},"excerpt":{"rendered":"<p>SWEETY D\u00d6NER Grubun \u00f6n g\u00f6r\u00fc\u015f\u00fc: Krep ve \u00e7ikolata yemeyi bir macera haline getirerek ayr\u0131cal\u0131kl\u0131, \u00f6zel ve yeni \u00fcr\u00fcnler sunmak. Daha \u00f6nce g\u00f6r\u00fclmeyen ve yeni olan \u00fcr\u00fcnleri sunar\u0131z, \u00fcr\u00fcnlerimiz y\u00fcksek kaliteli olmas\u0131n\u0131n yan\u0131 s\u0131ra farkl\u0131d\u0131r. Ayr\u0131ca d\u00fcnya \u00e7ap\u0131nda dikkat \u00e7ekici, t\u00fcm ortamlara ve k\u00fclt\u00fcrlere ayak uydurabilen bir ekiple birlikte \u00a0harika bir \u00e7al\u0131\u015fma ortam\u0131 sunmaktay\u0131z. Grubun mesaji: [&hellip;]<\/p>\n","protected":false},"author":1,"featured_media":0,"parent":0,"menu_order":0,"comment_status":"open","ping_status":"closed","template":"","meta":{"om_disable_all_campaigns":false,"_mi_skip_tracking":false,"_monsterinsights_sitenote_active":false,"_monsterinsights_sitenote_note":"","_monsterinsights_sitenote_category":0,"footnotes":""},"class_list":["post-1461","page","type-page","status-publish","hentry"],"aioseo_notices":[],"_links":{"self":[{"href":"https:\/\/sweetyshawarma.com\/tr\/wp-json\/wp\/v2\/pages\/1461","targetHints":{"allow":["GET"]}}],"collection":[{"href":"https:\/\/sweetyshawarma.com\/tr\/wp-json\/wp\/v2\/pages"}],"about":[{"href":"https:\/\/sweetyshawarma.com\/tr\/wp-json\/wp\/v2\/types\/page"}],"author":[{"embeddable":true,"href":"https:\/\/sweetyshawarma.com\/tr\/wp-json\/wp\/v2\/users\/1"}],"replies":[{"embeddable":true,"href":"https:\/\/sweetyshawarma.com\/tr\/wp-json\/wp\/v2\/comments?post=1461"}],"version-history":[{"count":5,"href":"https:\/\/sweetyshawarma.com\/tr\/wp-json\/wp\/v2\/pages\/1461\/revisions"}],"predecessor-version":[{"id":2779,"href":"https:\/\/sweetyshawarma.com\/tr\/wp-json\/wp\/v2\/pages\/1461\/revisions\/2779"}],"wp:attachment":[{"href":"https:\/\/sweetyshawarma.com\/tr\/wp-json\/wp\/v2\/media?parent=1461"}],"curies":[{"name":"wp","href":"https:\/\/api.w.org\/{rel}","templated":true}]}}