{"id":2145,"date":"2019-04-28T17:13:53","date_gmt":"2019-04-28T17:13:53","guid":{"rendered":"https:\/\/sweetyshawarma.com\/test\/?page_id=2145"},"modified":"2021-03-22T17:16:21","modified_gmt":"2021-03-22T14:16:21","slug":"kiosks","status":"publish","type":"page","link":"https:\/\/sweetyshawarma.com\/tr\/kiosks\/","title":{"rendered":"KIOSKS"},"content":{"rendered":"<p><\/p>\n<h4 class=\"wp-block-heading\" style=\"direction: rtl;\"><img loading=\"lazy\" decoding=\"async\" src=\"https:\/\/sweetyshawarma.com\/wp-content\/uploads\/2021\/03\/24c07090-d8db-44dc-8433-edede49f9f31-copy-300x280.png\" alt=\"\" width=\"300\" height=\"280\" \/><\/h4>\n<p><\/p>\n<h4><strong>SWEETY D\u00d6NER\u2019IN STANDI:<\/strong><\/h4>\n<p>\u00a0<\/p>\n<p>Bu stant d\u0131\u015fardad\u0131r, aliveri\u015f ma\u011fazalar\u0131n\u0131n ,b\u00fcy\u00fck marketlerin oldu\u011fu yerlerde ve pazarlarda kurulabilir\u2026<\/p>\n<p><\/p>\n<p><\/p>\n<figure style=\"direction: rtl;\"><img decoding=\"async\" src=\"https:\/\/sweetyshawarma.com\/new\/wp-content\/uploads\/2019\/04\/IMG_6167-1-1024x991.png\" alt=\"\" \/><img loading=\"lazy\" decoding=\"async\" src=\"https:\/\/sweetyshawarma.com\/wp-content\/uploads\/2021\/03\/1-300x197.png\" alt=\"\" width=\"300\" height=\"197\" \/><\/figure>\n<p><\/p>\n<p><\/p>\n<h4><strong>SWEETY D\u00d6NER\u2019IN \u00a0I\u00c7 STANDI:<\/strong><\/h4>\n<p>\u00a0<\/p>\n<p><em>Ma\u011fazalar\u0131n \u00f6nlerinde, i\u00e7inde veya al\u0131\u015fveri\u015f ma\u011fazalar\u0131nda iki metrekare alanda kurulabilir,<br \/>Temsilcilerin t\u00fcm ihtiya\u00e7lar\u0131n\u0131 kar\u015f\u0131layacak farkl\u0131 tasar\u0131mlar tasarlamaya \u00e7al\u0131\u015f\u0131yoruz.<\/em><\/p>\n<p>\u00a0<\/p>\n<p><\/p>\n<p><img loading=\"lazy\" decoding=\"async\" style=\"direction: rtl;\" src=\"https:\/\/sweetyshawarma.com\/test\/wp-content\/uploads\/2019\/05\/E78A0076-300x200.png\" alt=\"\" width=\"501\" height=\"334\" \/><\/p>\n<p>\u00a0<\/p>\n<p style=\"direction: rtl;\">\u00a0<\/p>\n<p style=\"direction: rtl;\">\u00a0<\/p>\n<figure style=\"direction: rtl;\"><img decoding=\"async\" src=\"https:\/\/sweetyshawarma.com\/new\/wp-content\/uploads\/2019\/04\/koshik-1-1024x627.png\" alt=\"\" \/><\/figure>\n<p>12<\/p>","protected":false},"excerpt":{"rendered":"<p>SWEETY D\u00d6NER\u2019IN STANDI: \u00a0 Bu stant d\u0131\u015fardad\u0131r, aliveri\u015f ma\u011fazalar\u0131n\u0131n ,b\u00fcy\u00fck marketlerin oldu\u011fu yerlerde ve pazarlarda kurulabilir\u2026 SWEETY D\u00d6NER\u2019IN \u00a0I\u00c7 STANDI: \u00a0 Ma\u011fazalar\u0131n \u00f6nlerinde, i\u00e7inde veya al\u0131\u015fveri\u015f ma\u011fazalar\u0131nda iki metrekare alanda kurulabilir,Temsilcilerin t\u00fcm ihtiya\u00e7lar\u0131n\u0131 kar\u015f\u0131layacak farkl\u0131 tasar\u0131mlar tasarlamaya \u00e7al\u0131\u015f\u0131yoruz. \u00a0 \u00a0 \u00a0 \u00a0 12<\/p>\n","protected":false},"author":1,"featured_media":0,"parent":0,"menu_order":0,"comment_status":"closed","ping_status":"closed","template":"","meta":{"om_disable_all_campaigns":false,"_mi_skip_tracking":false,"_monsterinsights_sitenote_active":false,"_monsterinsights_sitenote_note":"","_monsterinsights_sitenote_category":0,"footnotes":""},"class_list":["post-2145","page","type-page","status-publish","hentry"],"aioseo_notices":[],"_links":{"self":[{"href":"https:\/\/sweetyshawarma.com\/tr\/wp-json\/wp\/v2\/pages\/2145","targetHints":{"allow":["GET"]}}],"collection":[{"href":"https:\/\/sweetyshawarma.com\/tr\/wp-json\/wp\/v2\/pages"}],"about":[{"href":"https:\/\/sweetyshawarma.com\/tr\/wp-json\/wp\/v2\/types\/page"}],"author":[{"embeddable":true,"href":"https:\/\/sweetyshawarma.com\/tr\/wp-json\/wp\/v2\/users\/1"}],"replies":[{"embeddable":true,"href":"https:\/\/sweetyshawarma.com\/tr\/wp-json\/wp\/v2\/comments?post=2145"}],"version-history":[{"count":5,"href":"https:\/\/sweetyshawarma.com\/tr\/wp-json\/wp\/v2\/pages\/2145\/revisions"}],"predecessor-version":[{"id":2724,"href":"https:\/\/sweetyshawarma.com\/tr\/wp-json\/wp\/v2\/pages\/2145\/revisions\/2724"}],"wp:attachment":[{"href":"https:\/\/sweetyshawarma.com\/tr\/wp-json\/wp\/v2\/media?parent=2145"}],"curies":[{"name":"wp","href":"https:\/\/api.w.org\/{rel}","templated":true}]}}