{"id":2168,"date":"2019-04-28T18:13:56","date_gmt":"2019-04-28T18:13:56","guid":{"rendered":"https:\/\/sweetyshawarma.com\/test\/?page_id=2168"},"modified":"2021-03-26T10:49:28","modified_gmt":"2021-03-26T07:49:28","slug":"machines","status":"publish","type":"page","link":"https:\/\/sweetyshawarma.com\/tr\/machines\/","title":{"rendered":"MACHINES"},"content":{"rendered":"<p><\/p>\n<h4 class=\"wp-block-heading\" id=\"mce_1\"><strong>SHAWARMA(D\u00d6NER) MAKINESI:<\/strong><\/h4>\n<p><\/p>\n<figure><img decoding=\"async\" src=\"https:\/\/sweetyshawarma.com\/new\/wp-content\/uploads\/2019\/04\/file2-768x1024.png\" alt=\"\" \/><\/figure>\n<p><\/p>\n<p>Shawarma makinesini tasarlad\u0131k, \u00e7ikolatan\u0131n tad\u0131n\u0131 ve kalitesini koruyabilmek i\u00e7in \u00e7ikolatay\u0131 uygun bir s\u0131cakl\u0131k i\u00e7inde saklar ve so\u011futur. Makine y\u00fcksek kaliteli g\u0131day\u0131 saklamaya elveri\u015fli kromdan yap\u0131lm\u0131\u015f, \u00e7al\u015ft\u0131r\u0131lmas\u0131 ve yap\u0131lmas\u0131 kolayd\u0131r d\u00f6ner \u00e7ikolatas\u0131n\u0131n k\u0131vam\u0131n\u0131 ve lezzetini korur.<\/p>\n<p style=\"text-align: center;\">\u00a0 \u00a0 \u00a0<img loading=\"lazy\" decoding=\"async\" src=\"https:\/\/sweetyshawarma.com\/wp-content\/uploads\/2021\/03\/shawarma-143x300.png\" alt=\"\" width=\"143\" height=\"300\" \/> \u00a0 \u00a0 \u00a0 \u00a0 \u00a0<img loading=\"lazy\" decoding=\"async\" src=\"https:\/\/sweetyshawarma.com\/wp-content\/uploads\/2021\/03\/8531632a-d664-4540-b86a-1efa63cbf8bd-copy-211x300.png\" alt=\"\" width=\"211\" height=\"300\" \/>\u00a0<\/p>\n<p><\/p>\n<hr \/>\n<p><\/p>\n<h4 class=\"wp-block-heading\" style=\"direction: rtl;\"><strong><\/strong><\/h4>\n<h4><strong>KREP MAKINESI<\/strong><strong><\/strong><\/h4>\n<p style=\"text-align: center;\"><img loading=\"lazy\" decoding=\"async\" src=\"https:\/\/sweetyshawarma.com\/test\/wp-content\/uploads\/2019\/05\/IMG_5314-2-220x300.png\" alt=\"\" width=\"220\" height=\"300\" \/> <img loading=\"lazy\" decoding=\"async\" src=\"https:\/\/sweetyshawarma.com\/test\/wp-content\/uploads\/2019\/05\/CRAEP-244x300.png\" alt=\"\" width=\"244\" height=\"300\" \/><\/p>\n<p><\/p>\n<p style=\"direction: rtl; text-align: left;\"><br \/>Krep makinesini yirmi saniyenin i\u00e7inde krepi pi\u015firecek \u015fekilde tasarlad\u0131k,<br \/>Bu makine Sweety Shawarma d\u00fcr\u00fcmlerinde ve di\u011fer lazzetli tatl\u0131lar\u0131n yap\u0131m\u0131nda kullan\u0131lacak Krep\u2019i haz\u0131rlar.<\/p>\n<p style=\"direction: rtl;\"><\/p>\n<p><\/p>\n<hr \/>\n<p><\/p>\n<h4 class=\"wp-block-heading\" style=\"direction: rtl; text-align: left;\"><strong><\/strong><strong>DONDURMA MAKINESI:<\/strong><\/h4>\n<h4 style=\"direction: rtl;\"><strong><\/strong><\/h4>\n<p><\/p>\n<figure><img decoding=\"async\" src=\"https:\/\/sweetyshawarma.com\/new\/wp-content\/uploads\/2019\/04\/ice-cream-machine.png\" alt=\"\" \/><\/figure>\n<p><\/p>\n<p style=\"direction: rtl; text-align: left;\">Makine dondurma kar\u0131\u015f\u0131m\u0131n\u0131 \u00e7ok h\u0131zl\u0131 bir \u015fekilde dondurur, \u0131s\u0131s\u0131 -42 dereceye kadar ula\u015f\u0131r, malzemeler kar\u0131\u015ft\u0131r\u0131l\u0131rken dondurulur, dondurma \u00a0Krep \u00e7ikolata ve di\u011fer lazzetli malzemelerle kullan\u0131l\u0131r, Rol dondurmas\u0131nda ve meyve dilimlerinde de kullan\u0131labilir<\/p>\n<p style=\"direction: rtl; text-align: right;\"><\/p>\n<p><img loading=\"lazy\" decoding=\"async\" src=\"https:\/\/sweetyshawarma.com\/wp-content\/uploads\/2021\/03\/ice-cream-265x300.png\" alt=\"\" width=\"265\" height=\"300\" \/><\/p>\n<p><\/p>\n<hr \/>\n<p><\/p>\n<h4 class=\"wp-block-heading\" style=\"direction: rtl; text-align: left;\"><strong><\/strong><strong>\u00c7IKOLATA MAKINASI<\/strong><\/h4>\n<h4 style=\"direction: rtl;\"><strong><\/strong><\/h4>\n<p><\/p>\n<figure><img loading=\"lazy\" decoding=\"async\" src=\"https:\/\/sweetyshawarma.com\/wp-content\/uploads\/2021\/03\/3a96f940-8d26-4d42-b927-626d2cf9b515-177x300.png\" alt=\"\" width=\"177\" height=\"300\" \/> <img loading=\"lazy\" decoding=\"async\" src=\"https:\/\/sweetyshawarma.com\/wp-content\/uploads\/2021\/03\/54483a70-da95-4467-8e2a-c260c8400038-132x300.png\" alt=\"\" width=\"132\" height=\"300\" \/><\/figure>\n<p><\/p>\n<p>\u00a0<\/p>\n<p><\/p>","protected":false},"excerpt":{"rendered":"<p>SHAWARMA(D\u00d6NER) MAKINESI: Shawarma makinesini tasarlad\u0131k, \u00e7ikolatan\u0131n tad\u0131n\u0131 ve kalitesini koruyabilmek i\u00e7in \u00e7ikolatay\u0131 uygun bir s\u0131cakl\u0131k i\u00e7inde saklar ve so\u011futur. Makine y\u00fcksek kaliteli g\u0131day\u0131 saklamaya elveri\u015fli kromdan yap\u0131lm\u0131\u015f, \u00e7al\u015ft\u0131r\u0131lmas\u0131 ve yap\u0131lmas\u0131 kolayd\u0131r d\u00f6ner \u00e7ikolatas\u0131n\u0131n k\u0131vam\u0131n\u0131 ve lezzetini korur. \u00a0 \u00a0 \u00a0 \u00a0 \u00a0 \u00a0 \u00a0 \u00a0\u00a0 KREP MAKINESI Krep makinesini yirmi saniyenin i\u00e7inde krepi pi\u015firecek \u015fekilde [&hellip;]<\/p>\n","protected":false},"author":1,"featured_media":0,"parent":0,"menu_order":0,"comment_status":"closed","ping_status":"closed","template":"","meta":{"om_disable_all_campaigns":false,"_mi_skip_tracking":false,"_monsterinsights_sitenote_active":false,"_monsterinsights_sitenote_note":"","_monsterinsights_sitenote_category":0,"footnotes":""},"class_list":["post-2168","page","type-page","status-publish","hentry"],"aioseo_notices":[],"_links":{"self":[{"href":"https:\/\/sweetyshawarma.com\/tr\/wp-json\/wp\/v2\/pages\/2168","targetHints":{"allow":["GET"]}}],"collection":[{"href":"https:\/\/sweetyshawarma.com\/tr\/wp-json\/wp\/v2\/pages"}],"about":[{"href":"https:\/\/sweetyshawarma.com\/tr\/wp-json\/wp\/v2\/types\/page"}],"author":[{"embeddable":true,"href":"https:\/\/sweetyshawarma.com\/tr\/wp-json\/wp\/v2\/users\/1"}],"replies":[{"embeddable":true,"href":"https:\/\/sweetyshawarma.com\/tr\/wp-json\/wp\/v2\/comments?post=2168"}],"version-history":[{"count":5,"href":"https:\/\/sweetyshawarma.com\/tr\/wp-json\/wp\/v2\/pages\/2168\/revisions"}],"predecessor-version":[{"id":2794,"href":"https:\/\/sweetyshawarma.com\/tr\/wp-json\/wp\/v2\/pages\/2168\/revisions\/2794"}],"wp:attachment":[{"href":"https:\/\/sweetyshawarma.com\/tr\/wp-json\/wp\/v2\/media?parent=2168"}],"curies":[{"name":"wp","href":"https:\/\/api.w.org\/{rel}","templated":true}]}}