{"id":2632,"date":"2020-10-20T10:25:29","date_gmt":"2020-10-20T07:25:29","guid":{"rendered":"https:\/\/sweetyshawarma.com\/ar\/?page_id=2632"},"modified":"2020-10-20T10:25:29","modified_gmt":"2020-10-20T07:25:29","slug":"franchise-form","status":"publish","type":"page","link":"https:\/\/sweetyshawarma.com\/tr\/franchise-form\/","title":{"rendered":"Franchise Form"},"content":{"rendered":"<table class=\"wp-list-table widefat fixed striped table-view-list posts\">\n<tbody id=\"the-list\">\n<tr id=\"post-2629\" class=\"iedit author-self level-0 post-2629 type-pojo_forms status-publish hentry\">\n<td class=\"form_shortcode column-form_shortcode\" data-colname=\"Shortcode\"><form class=\"pojo-form pojo-form-2629 pojo-form-ajax form-align-top\" action=\"\" method=\"post\">\n\t\t\t<input type=\"hidden\" name=\"action\" value=\"pojo_form_contact_submit\" \/>\n\t\t\t<input type=\"hidden\" name=\"form_id\" value=\"2629\" \/>\n\t\t\t<input type=\"hidden\" name=\"_wp_http_referer\" value=\"\/tr\/wp-json\/wp\/v2\/pages\/2632\" \/>\n\t\t\t<div class=\"columns\"><div class=\"field-group form_field_1 column-12\">\n\t\t\t\t\t\t\t<label for=\"form-field-1-1\" class=\"label-field\">Ad<\/label>\n\t\t\t\t\t\t\t<input type=\"text\" id=\"form-field-1-1\" name=\"form_field_1\" class=\"field required size-medium\" aria-required=\"true\" \/>\n\t\t\t\t\t\t<\/div>\n<div class=\"field-group form_field_2 column-12\">\n\t\t\t\t\t\t\t<label for=\"form-field-1-2\" class=\"label-field\">Tel<\/label>\n\t\t\t\t\t\t\t<input type=\"tel\" id=\"form-field-1-2\" name=\"form_field_2\" class=\"field required size-medium\" aria-required=\"true\" pattern=\"[0-9\\.\\+\\-\\(\\)\\*#]+\" title=\"Only phone numbers allowed.\" \/>\n\t\t\t\t\t\t<\/div>\n<div class=\"field-group form_field_3 column-12\">\n\t\t\t\t\t\t\t<label for=\"form-field-1-3\" class=\"label-field\">Email<\/label>\n\t\t\t\t\t\t\t<input type=\"email\" id=\"form-field-1-3\" name=\"form_field_3\" class=\"field required size-medium\" aria-required=\"true\" \/>\n\t\t\t\t\t\t<\/div>\n<div class=\"field-group form_field_4 column-12\">\n\t\t\t\t\t\t\t<label for=\"form-field-1-4\" class=\"label-field\">\u00dclke<\/label>\n\t\t\t\t\t\t\t<input type=\"text\" id=\"form-field-1-4\" name=\"form_field_4\" class=\"field required size-medium\" aria-required=\"true\" \/>\n\t\t\t\t\t\t<\/div>\n<div class=\"field-group form_field_5 column-12\">\n\t\t\t\t\t\t<label class=\"label-field\">Gerekli franchise t\u00fcr\u00fc<\/label>\n\t\t\t\t\t\t<div class=\"field-list-items\"><div class=\"field-list-item\">\n\t\t\t\t\t\t\t<input type=\"radio\" id=\"form-field-1-5-1\" name=\"form_field_5\" class=\"field required size-medium\" aria-required=\"true\" value=\"Bir ma\u011faza\" checked \/>\n\t\t\t\t\t\t\t<label for=\"form-field-1-5-1\">Bir ma\u011faza<\/label>\n\t\t\t\t\t\t<\/div><div class=\"field-list-item\">\n\t\t\t\t\t\t\t<input type=\"radio\" id=\"form-field-1-5-2\" name=\"form_field_5\" class=\"field required size-medium\" aria-required=\"true\" value=\"Birka\u00e7 ma\u011faza\" \/>\n\t\t\t\t\t\t\t<label for=\"form-field-1-5-2\">Birka\u00e7 ma\u011faza<\/label>\n\t\t\t\t\t\t<\/div><div class=\"field-list-item\">\n\t\t\t\t\t\t\t<input type=\"radio\" id=\"form-field-1-5-3\" name=\"form_field_5\" class=\"field required size-medium\" aria-required=\"true\" value=\"Bir veya daha fazla \u00fclke i\u00e7in \u00f6zel haklar\" \/>\n\t\t\t\t\t\t\t<label for=\"form-field-1-5-3\">Bir veya daha fazla \u00fclke i\u00e7in \u00f6zel haklar<\/label>\n\t\t\t\t\t\t<\/div><\/div>\n\t\t\t\t\t<\/div>\n<div class=\"field-group form_field_6 column-12\">\n\t\t\t\t\t\t\t<label for=\"form-field-1-6\" class=\"label-field\">Konukseverlik alan\u0131nda daha \u00f6nce deneyiminiz var m\u0131?<\/label>\n\t\t\t\t\t\t\t<input type=\"text\" id=\"form-field-1-6\" name=\"form_field_6\" class=\"field required size-medium\" aria-required=\"true\" \/>\n\t\t\t\t\t\t<\/div>\n<div class=\"field-group form_field_7 column-12\">\n\t\t\t\t\t\t\t<label for=\"form-field-1-7\" class=\"label-field\">\u0130lk \u015fubeniz i\u00e7in bir ma\u011fazan\u0131z var m\u0131?<\/label>\n\t\t\t\t\t\t\t<input type=\"text\" id=\"form-field-1-7\" name=\"form_field_7\" class=\"field required size-medium\" aria-required=\"true\" \/>\n\t\t\t\t\t\t<\/div><div class=\"form-actions column-12\">\n\t\t\t\t<div class=\"pojo-button-wrap pojo-button-none\">\n\t\t\t\t\t<button class=\"button submit size-medium\" type=\"submit\">G\u00f6nder<\/button>\n\t\t\t\t<\/div>\n\t\t\t<\/div><\/div>\n\t\t\t\n\t\t\t<\/form><\/td>\n<\/tr>\n<\/tbody>\n<\/table>\n","protected":false},"excerpt":{"rendered":"","protected":false},"author":1,"featured_media":0,"parent":0,"menu_order":0,"comment_status":"closed","ping_status":"closed","template":"","meta":{"om_disable_all_campaigns":false,"_mi_skip_tracking":false,"_monsterinsights_sitenote_active":false,"_monsterinsights_sitenote_note":"","_monsterinsights_sitenote_category":0,"footnotes":""},"class_list":["post-2632","page","type-page","status-publish","hentry"],"aioseo_notices":[],"_links":{"self":[{"href":"https:\/\/sweetyshawarma.com\/tr\/wp-json\/wp\/v2\/pages\/2632","targetHints":{"allow":["GET"]}}],"collection":[{"href":"https:\/\/sweetyshawarma.com\/tr\/wp-json\/wp\/v2\/pages"}],"about":[{"href":"https:\/\/sweetyshawarma.com\/tr\/wp-json\/wp\/v2\/types\/page"}],"author":[{"embeddable":true,"href":"https:\/\/sweetyshawarma.com\/tr\/wp-json\/wp\/v2\/users\/1"}],"replies":[{"embeddable":true,"href":"https:\/\/sweetyshawarma.com\/tr\/wp-json\/wp\/v2\/comments?post=2632"}],"version-history":[{"count":2,"href":"https:\/\/sweetyshawarma.com\/tr\/wp-json\/wp\/v2\/pages\/2632\/revisions"}],"predecessor-version":[{"id":2634,"href":"https:\/\/sweetyshawarma.com\/tr\/wp-json\/wp\/v2\/pages\/2632\/revisions\/2634"}],"wp:attachment":[{"href":"https:\/\/sweetyshawarma.com\/tr\/wp-json\/wp\/v2\/media?parent=2632"}],"curies":[{"name":"wp","href":"https:\/\/api.w.org\/{rel}","templated":true}]}}